{"id":67469,"date":"2024-01-19T14:14:05","date_gmt":"2024-01-19T13:14:05","guid":{"rendered":"https:\/\/www.imagine-conception.com\/?page_id=67469"},"modified":"2025-11-04T15:09:07","modified_gmt":"2025-11-04T14:09:07","slug":"contact-2","status":"publish","type":"page","link":"https:\/\/www.imagine-conception.com\/?page_id=67469","title":{"rendered":"Contact"},"content":{"rendered":"\t\t<div data-elementor-type=\"wp-page\" data-elementor-id=\"67469\" class=\"elementor elementor-67469\" data-elementor-post-type=\"page\">\n\t\t\t\t<div class=\"elementor-element elementor-element-df1ad52 e-con-full e-flex e-con e-parent\" data-id=\"df1ad52\" data-element_type=\"container\" data-e-type=\"container\">\n\t\t<div class=\"elementor-element elementor-element-9fe4879 e-con-full e-flex e-con e-child\" data-id=\"9fe4879\" data-element_type=\"container\" data-e-type=\"container\" data-settings=\"{&quot;background_background&quot;:&quot;classic&quot;}\">\n\t\t\t\t<div class=\"elementor-element elementor-element-ed2fb5f elementor-widget elementor-widget-heading\" data-id=\"ed2fb5f\" data-element_type=\"widget\" data-e-type=\"widget\" data-widget_type=\"heading.default\">\n\t\t\t\t<div class=\"elementor-widget-container\">\n\t\t\t\t\t<h2 class=\"elementor-heading-title elementor-size-default\">Pr\u00eat \u00e0 (re) cr\u00e9er votre int\u00e9rieur ?<\/h2>\t\t\t\t<\/div>\n\t\t\t\t<\/div>\n\t\t\t\t<div class=\"elementor-element elementor-element-b589338 elementor-widget__width-initial elementor-widget elementor-widget-text-editor\" data-id=\"b589338\" data-element_type=\"widget\" data-e-type=\"widget\" data-widget_type=\"text-editor.default\">\n\t\t\t\t<div class=\"elementor-widget-container\">\n\t\t\t\t\t\t\t\t\t<p>Construction, extension, r\u00e9novation&#8230;<br \/>Contactez nous pour concr\u00e9tiser votre projet<\/p>\t\t\t\t\t\t\t\t<\/div>\n\t\t\t\t<\/div>\n\t\t\t\t<\/div>\n\t\t\t\t<\/div>\n\t\t<div class=\"elementor-element elementor-element-08113f5 e-flex e-con-boxed e-con e-parent\" data-id=\"08113f5\" data-element_type=\"container\" data-e-type=\"container\">\n\t\t\t\t\t<div class=\"e-con-inner\">\n\t\t<div class=\"elementor-element elementor-element-4c3e8fe e-con-full e-flex e-con e-child\" data-id=\"4c3e8fe\" data-element_type=\"container\" data-e-type=\"container\" data-settings=\"{&quot;background_background&quot;:&quot;gradient&quot;}\">\n\t\t\t\t<div class=\"elementor-element elementor-element-2b6701f elementor-widget elementor-widget-heading\" data-id=\"2b6701f\" data-element_type=\"widget\" data-e-type=\"widget\" data-widget_type=\"heading.default\">\n\t\t\t\t<div class=\"elementor-widget-container\">\n\t\t\t\t\t<h2 class=\"elementor-heading-title elementor-size-default\">IMAGINE CONCEPTION<\/h2>\t\t\t\t<\/div>\n\t\t\t\t<\/div>\n\t\t\t\t<div class=\"elementor-element elementor-element-cc36ca4 elementor-widget elementor-widget-text-editor\" data-id=\"cc36ca4\" data-element_type=\"widget\" data-e-type=\"widget\" data-widget_type=\"text-editor.default\">\n\t\t\t\t<div class=\"elementor-widget-container\">\n\t\t\t\t\t\t\t\t\t<p><strong>Adresse :<\/strong><\/p><p>57 Boulevard de l\u2019embouchure<br \/>31200 Toulouse<\/p><p>B\u00e2timent Fonta &#8211;\u00a0\u00e9tage n\u00b02<\/p><p><strong>T\u00e9l\u00e9phone :<\/strong><\/p><p><a href=\"tel:+33627114986\">06 27 11 49 86<\/a><\/p>\t\t\t\t\t\t\t\t<\/div>\n\t\t\t\t<\/div>\n\t\t\t\t<\/div>\n\t\t<div class=\"elementor-element elementor-element-d1dd5d2 e-con-full e-flex e-con e-child\" data-id=\"d1dd5d2\" data-element_type=\"container\" data-e-type=\"container\">\n\t\t\t\t<div class=\"elementor-element elementor-element-e48edb7 elementor-widget elementor-widget-heading\" data-id=\"e48edb7\" data-element_type=\"widget\" data-e-type=\"widget\" data-widget_type=\"heading.default\">\n\t\t\t\t<div class=\"elementor-widget-container\">\n\t\t\t\t\t<h2 class=\"elementor-heading-title elementor-size-default\">PRENONS RENDEZ-vous !<\/h2>\t\t\t\t<\/div>\n\t\t\t\t<\/div>\n\t\t\t\t<div class=\"elementor-element elementor-element-fbbf2fa elementor-widget__width-initial elementor-widget elementor-widget-text-editor\" data-id=\"fbbf2fa\" data-element_type=\"widget\" data-e-type=\"widget\" data-widget_type=\"text-editor.default\">\n\t\t\t\t<div class=\"elementor-widget-container\">\n\t\t\t\t\t\t\t\t\t<p>Vous avez un d\u00e9sir de construction, d\u2019extension ou de r\u00e9novation ? Des questions, des contraintes ? Venez nous rencontrer pour en discuter et concr\u00e9tiser votre projet ! Nous avons des r\u00e9ponses, nous pouvons vous apporter conseils et solutions. <\/p>\t\t\t\t\t\t\t\t<\/div>\n\t\t\t\t<\/div>\n\t\t\t\t<\/div>\n\t\t\t\t\t<\/div>\n\t\t\t\t<\/div>\n\t\t<div class=\"elementor-element elementor-element-42d905d e-flex e-con-boxed e-con e-parent\" data-id=\"42d905d\" data-element_type=\"container\" data-e-type=\"container\">\n\t\t\t\t\t<div class=\"e-con-inner\">\n\t\t\t\t<div class=\"elementor-element elementor-element-cddb904 elementor-widget elementor-widget-heading\" data-id=\"cddb904\" data-element_type=\"widget\" data-e-type=\"widget\" data-widget_type=\"heading.default\">\n\t\t\t\t<div class=\"elementor-widget-container\">\n\t\t\t\t\t<h2 class=\"elementor-heading-title elementor-size-default\">Service architecte : votre demande de  <br>renseignements<\/h2>\t\t\t\t<\/div>\n\t\t\t\t<\/div>\n\t\t\t\t<div class=\"elementor-element elementor-element-eafb0d0 elementor-button-align-stretch elementor-widget elementor-widget-form\" data-id=\"eafb0d0\" data-element_type=\"widget\" data-e-type=\"widget\" data-settings=\"{&quot;step_next_label&quot;:&quot;SUIVANT&quot;,&quot;step_previous_label&quot;:&quot;PR\\u00c9CEDENT&quot;,&quot;button_width&quot;:&quot;100&quot;,&quot;step_type&quot;:&quot;number_text&quot;,&quot;step_icon_shape&quot;:&quot;circle&quot;}\" data-widget_type=\"form.default\">\n\t\t\t\t<div class=\"elementor-widget-container\">\n\t\t\t\t\t\t\t<form class=\"elementor-form\" method=\"post\" name=\"New Form\" aria-label=\"New Form\">\n\t\t\t<input type=\"hidden\" name=\"post_id\" value=\"67469\"\/>\n\t\t\t<input type=\"hidden\" name=\"form_id\" value=\"eafb0d0\"\/>\n\t\t\t<input type=\"hidden\" name=\"referer_title\" value=\"Contact - Imagine Conception\" \/>\n\n\t\t\t\t\t\t\t<input type=\"hidden\" name=\"queried_id\" value=\"67469\"\/>\n\t\t\t\n\t\t\t<div class=\"elementor-form-fields-wrapper elementor-labels-\">\n\t\t\t\t\t\t\t\t<div class=\"elementor-field-type-step elementor-field-group elementor-column elementor-field-group-field_9cfa8b3 elementor-col-100\">\n\t\t\t\t\t\t\t<div class=\"e-field-step elementor-hidden\" data-label=\"\" data-previousButton=\"\" data-nextButton=\"\" data-iconUrl=\"\" data-iconLibrary=\"fas fa-star\" data-icon=\"\" ><\/div>\n\n\t\t\t\t\t\t<\/div>\n\t\t\t\t\t\t\t\t<div class=\"elementor-field-type-text elementor-field-group elementor-column elementor-field-group-name elementor-col-50\">\n\t\t\t\t\t\t\t\t\t\t\t\t<label for=\"form-field-name\" class=\"elementor-field-label elementor-screen-only\">\n\t\t\t\t\t\t\t\tPr\u00e9nom\t\t\t\t\t\t\t<\/label>\n\t\t\t\t\t\t\t\t\t\t\t\t\t\t<input size=\"1\" type=\"text\" name=\"form_fields[name]\" id=\"form-field-name\" class=\"elementor-field elementor-size-sm  elementor-field-textual\" placeholder=\"Pr\u00e9nom\">\n\t\t\t\t\t\t\t\t\t\t\t<\/div>\n\t\t\t\t\t\t\t\t<div class=\"elementor-field-type-text elementor-field-group elementor-column elementor-field-group-field_06fb71f elementor-col-50\">\n\t\t\t\t\t\t\t\t\t\t\t\t<label for=\"form-field-field_06fb71f\" class=\"elementor-field-label elementor-screen-only\">\n\t\t\t\t\t\t\t\tNom\t\t\t\t\t\t\t<\/label>\n\t\t\t\t\t\t\t\t\t\t\t\t\t\t<input size=\"1\" type=\"text\" name=\"form_fields[field_06fb71f]\" id=\"form-field-field_06fb71f\" class=\"elementor-field elementor-size-sm  elementor-field-textual\" placeholder=\"Nom\">\n\t\t\t\t\t\t\t\t\t\t\t<\/div>\n\t\t\t\t\t\t\t\t<div class=\"elementor-field-type-step elementor-field-group elementor-column elementor-field-group-field_462d425 elementor-col-100\">\n\t\t\t\t\t\t\t<div class=\"e-field-step elementor-hidden\" data-label=\"\" data-previousButton=\"\" data-nextButton=\"\" data-iconUrl=\"\" data-iconLibrary=\"fas fa-star\" data-icon=\"\" ><\/div>\n\n\t\t\t\t\t\t<\/div>\n\t\t\t\t\t\t\t\t<div class=\"elementor-field-type-email elementor-field-group elementor-column elementor-field-group-email elementor-col-50 elementor-field-required\">\n\t\t\t\t\t\t\t\t\t\t\t\t<label for=\"form-field-email\" class=\"elementor-field-label elementor-screen-only\">\n\t\t\t\t\t\t\t\tAdresse e-mail\t\t\t\t\t\t\t<\/label>\n\t\t\t\t\t\t\t\t\t\t\t\t\t\t<input size=\"1\" type=\"email\" name=\"form_fields[email]\" id=\"form-field-email\" class=\"elementor-field elementor-size-sm  elementor-field-textual\" placeholder=\"Adresse e-mail\" required=\"required\">\n\t\t\t\t\t\t\t\t\t\t\t<\/div>\n\t\t\t\t\t\t\t\t<div class=\"elementor-field-type-tel elementor-field-group elementor-column elementor-field-group-field_68e11f2 elementor-col-50\">\n\t\t\t\t\t\t\t\t\t\t\t\t<label for=\"form-field-field_68e11f2\" class=\"elementor-field-label elementor-screen-only\">\n\t\t\t\t\t\t\t\tT\u00e9l\u00e9phone\t\t\t\t\t\t\t<\/label>\n\t\t\t\t\t\t\t\t<input size=\"1\" type=\"tel\" name=\"form_fields[field_68e11f2]\" id=\"form-field-field_68e11f2\" class=\"elementor-field elementor-size-sm  elementor-field-textual\" placeholder=\"T\u00e9l\u00e9phone\" pattern=\"[0-9()#&amp;+*-=.]+\" title=\"Seuls les caract\u00e8res de num\u00e9ros de t\u00e9l\u00e9phone (#, -, *, etc.) sont accept\u00e9s.\">\n\n\t\t\t\t\t\t<\/div>\n\t\t\t\t\t\t\t\t<div class=\"elementor-field-type-step elementor-field-group elementor-column elementor-field-group-field_d07bd60 elementor-col-100\">\n\t\t\t\t\t\t\t<div class=\"e-field-step elementor-hidden\" data-label=\"\" data-previousButton=\"\" data-nextButton=\"\" data-iconUrl=\"\" data-iconLibrary=\"fas fa-star\" data-icon=\"\" ><\/div>\n\n\t\t\t\t\t\t<\/div>\n\t\t\t\t\t\t\t\t<div class=\"elementor-field-type-text elementor-field-group elementor-column elementor-field-group-field_80db868 elementor-col-50\">\n\t\t\t\t\t\t\t\t\t\t\t\t<label for=\"form-field-field_80db868\" class=\"elementor-field-label elementor-screen-only\">\n\t\t\t\t\t\t\t\tLieu du projet\t\t\t\t\t\t\t<\/label>\n\t\t\t\t\t\t\t\t\t\t\t\t\t\t<input size=\"1\" type=\"text\" name=\"form_fields[field_80db868]\" id=\"form-field-field_80db868\" class=\"elementor-field elementor-size-sm  elementor-field-textual\" placeholder=\"Lieu du projet\">\n\t\t\t\t\t\t\t\t\t\t\t<\/div>\n\t\t\t\t\t\t\t\t<div class=\"elementor-field-type-text elementor-field-group elementor-column elementor-field-group-field_1e08739 elementor-col-50\">\n\t\t\t\t\t\t\t\t\t\t\t\t<label for=\"form-field-field_1e08739\" class=\"elementor-field-label elementor-screen-only\">\n\t\t\t\t\t\t\t\tDate des travaux souhait\u00e9e\t\t\t\t\t\t\t<\/label>\n\t\t\t\t\t\t\t\t\t\t\t\t\t\t<input size=\"1\" type=\"text\" name=\"form_fields[field_1e08739]\" id=\"form-field-field_1e08739\" class=\"elementor-field elementor-size-sm  elementor-field-textual\" placeholder=\"Date des travaux souhait\u00e9e\">\n\t\t\t\t\t\t\t\t\t\t\t<\/div>\n\t\t\t\t\t\t\t\t<div class=\"elementor-field-type-textarea elementor-field-group elementor-column elementor-field-group-field_3bfbe19 elementor-col-100\">\n\t\t\t\t\t\t\t\t\t\t\t\t<label for=\"form-field-field_3bfbe19\" class=\"elementor-field-label elementor-screen-only\">\n\t\t\t\t\t\t\t\tDescription du projet\t\t\t\t\t\t\t<\/label>\n\t\t\t\t\t\t<textarea class=\"elementor-field-textual elementor-field  elementor-size-sm\" name=\"form_fields[field_3bfbe19]\" id=\"form-field-field_3bfbe19\" rows=\"4\" placeholder=\"D\u00e9crivez nous votre projet, vos attentes, vos envies : \"><\/textarea>\t\t\t\t<\/div>\n\t\t\t\t\t\t\t\t<div class=\"elementor-field-type-recaptcha_v3 elementor-field-group elementor-column elementor-field-group-field_8908a16 elementor-col-100 recaptcha_v3-bottomright\">\n\t\t\t\t\t<div class=\"elementor-field\" id=\"form-field-field_8908a16\"><div class=\"elementor-g-recaptcha\" data-sitekey=\"6Ldue1wpAAAAAK_1zbeMBNOyVwz41rM3u4weT6Jp\" data-type=\"v3\" data-action=\"Form\" data-badge=\"bottomright\" data-size=\"invisible\"><\/div><\/div>\t\t\t\t<\/div>\n\t\t\t\t\t\t\t\t<div class=\"elementor-field-group elementor-column elementor-field-type-submit elementor-col-100 e-form__buttons\">\n\t\t\t\t\t<button class=\"elementor-button elementor-size-sm\" type=\"submit\">\n\t\t\t\t\t\t<span class=\"elementor-button-content-wrapper\">\n\t\t\t\t\t\t\t\t\t\t\t\t\t\t\t\t\t\t\t\t\t\t<span class=\"elementor-button-text\">ENVOYER &gt;<\/span>\n\t\t\t\t\t\t\t\t\t\t\t\t\t<\/span>\n\t\t\t\t\t<\/button>\n\t\t\t\t<\/div>\n\t\t\t<\/div>\n\t\t<\/form>\n\t\t\t\t\t\t<\/div>\n\t\t\t\t<\/div>\n\t\t\t\t\t<\/div>\n\t\t\t\t<\/div>\n\t\t\t\t<\/div>\n\t\t","protected":false},"excerpt":{"rendered":"<p>Pr\u00eat \u00e0 (re) cr\u00e9er votre int\u00e9rieur ? Construction, extension, r\u00e9novation&#8230;Contactez nous pour concr\u00e9tiser votre projet IMAGINE CONCEPTION Adresse : 57 [&hellip;]<\/p>\n","protected":false},"author":1,"featured_media":0,"parent":0,"menu_order":0,"comment_status":"closed","ping_status":"closed","template":"elementor_header_footer","meta":{"footnotes":""},"class_list":["post-67469","page","type-page","status-publish","hentry"],"yoast_head":"<!-- This site is optimized with the Yoast SEO plugin v27.5 - https:\/\/yoast.com\/product\/yoast-seo-wordpress\/ -->\n<title>Contact - Imagine Conception<\/title>\n<meta name=\"robots\" content=\"index, follow, max-snippet:-1, max-image-preview:large, max-video-preview:-1\" \/>\n<link rel=\"canonical\" href=\"https:\/\/www.imagine-conception.com\/?page_id=67469\" \/>\n<meta property=\"og:locale\" content=\"fr_FR\" \/>\n<meta property=\"og:type\" content=\"article\" \/>\n<meta property=\"og:title\" content=\"Contact - Imagine Conception\" \/>\n<meta property=\"og:description\" content=\"Pr\u00eat \u00e0 (re) cr\u00e9er votre int\u00e9rieur ? Construction, extension, r\u00e9novation&#8230;Contactez nous pour concr\u00e9tiser votre projet IMAGINE CONCEPTION Adresse : 57 [&hellip;]\" \/>\n<meta property=\"og:url\" content=\"https:\/\/www.imagine-conception.com\/?page_id=67469\" \/>\n<meta property=\"og:site_name\" content=\"Imagine Conception\" \/>\n<meta property=\"article:publisher\" content=\"https:\/\/www.facebook.com\/ImagineConception\/\" \/>\n<meta property=\"article:modified_time\" content=\"2025-11-04T14:09:07+00:00\" \/>\n<meta name=\"twitter:card\" content=\"summary_large_image\" \/>\n<meta name=\"twitter:label1\" content=\"Dur\u00e9e de lecture estim\u00e9e\" \/>\n\t<meta name=\"twitter:data1\" content=\"1 minute\" \/>\n<script type=\"application\/ld+json\" class=\"yoast-schema-graph\">{\"@context\":\"https:\\\/\\\/schema.org\",\"@graph\":[{\"@type\":\"WebPage\",\"@id\":\"https:\\\/\\\/www.imagine-conception.com\\\/?page_id=67469\",\"url\":\"https:\\\/\\\/www.imagine-conception.com\\\/?page_id=67469\",\"name\":\"Contact - Imagine Conception\",\"isPartOf\":{\"@id\":\"https:\\\/\\\/www.imagine-conception.com\\\/#website\"},\"datePublished\":\"2024-01-19T13:14:05+00:00\",\"dateModified\":\"2025-11-04T14:09:07+00:00\",\"breadcrumb\":{\"@id\":\"https:\\\/\\\/www.imagine-conception.com\\\/?page_id=67469#breadcrumb\"},\"inLanguage\":\"fr-FR\",\"potentialAction\":[{\"@type\":\"ReadAction\",\"target\":[\"https:\\\/\\\/www.imagine-conception.com\\\/?page_id=67469\"]}]},{\"@type\":\"BreadcrumbList\",\"@id\":\"https:\\\/\\\/www.imagine-conception.com\\\/?page_id=67469#breadcrumb\",\"itemListElement\":[{\"@type\":\"ListItem\",\"position\":1,\"name\":\"Accueil\",\"item\":\"https:\\\/\\\/www.imagine-conception.com\\\/\"},{\"@type\":\"ListItem\",\"position\":2,\"name\":\"Contact\"}]},{\"@type\":\"WebSite\",\"@id\":\"https:\\\/\\\/www.imagine-conception.com\\\/#website\",\"url\":\"https:\\\/\\\/www.imagine-conception.com\\\/\",\"name\":\"Imagine Conception\",\"description\":\"Architecte d&#039;int\u00e9rieur \u00e0 Toulouse\",\"publisher\":{\"@id\":\"https:\\\/\\\/www.imagine-conception.com\\\/#organization\"},\"potentialAction\":[{\"@type\":\"SearchAction\",\"target\":{\"@type\":\"EntryPoint\",\"urlTemplate\":\"https:\\\/\\\/www.imagine-conception.com\\\/?s={search_term_string}\"},\"query-input\":{\"@type\":\"PropertyValueSpecification\",\"valueRequired\":true,\"valueName\":\"search_term_string\"}}],\"inLanguage\":\"fr-FR\"},{\"@type\":\"Organization\",\"@id\":\"https:\\\/\\\/www.imagine-conception.com\\\/#organization\",\"name\":\"Imagine Conception\",\"url\":\"https:\\\/\\\/www.imagine-conception.com\\\/\",\"logo\":{\"@type\":\"ImageObject\",\"inLanguage\":\"fr-FR\",\"@id\":\"https:\\\/\\\/www.imagine-conception.com\\\/#\\\/schema\\\/logo\\\/image\\\/\",\"url\":\"https:\\\/\\\/www.imagine-conception.com\\\/wp-content\\\/uploads\\\/2018\\\/03\\\/imagine-conception-logo-noir.svg\",\"contentUrl\":\"https:\\\/\\\/www.imagine-conception.com\\\/wp-content\\\/uploads\\\/2018\\\/03\\\/imagine-conception-logo-noir.svg\",\"width\":1627485,\"height\":247029,\"caption\":\"Imagine Conception\"},\"image\":{\"@id\":\"https:\\\/\\\/www.imagine-conception.com\\\/#\\\/schema\\\/logo\\\/image\\\/\"},\"sameAs\":[\"https:\\\/\\\/www.facebook.com\\\/ImagineConception\\\/\",\"https:\\\/\\\/www.instagram.com\\\/imagine_conception\\\/\",\"https:\\\/\\\/fr.linkedin.com\\\/company\\\/imagine-conception\"]}]}<\/script>\n<!-- \/ Yoast SEO plugin. -->","yoast_head_json":{"title":"Contact - Imagine Conception","robots":{"index":"index","follow":"follow","max-snippet":"max-snippet:-1","max-image-preview":"max-image-preview:large","max-video-preview":"max-video-preview:-1"},"canonical":"https:\/\/www.imagine-conception.com\/?page_id=67469","og_locale":"fr_FR","og_type":"article","og_title":"Contact - Imagine Conception","og_description":"Pr\u00eat \u00e0 (re) cr\u00e9er votre int\u00e9rieur ? Construction, extension, r\u00e9novation&#8230;Contactez nous pour concr\u00e9tiser votre projet IMAGINE CONCEPTION Adresse : 57 [&hellip;]","og_url":"https:\/\/www.imagine-conception.com\/?page_id=67469","og_site_name":"Imagine Conception","article_publisher":"https:\/\/www.facebook.com\/ImagineConception\/","article_modified_time":"2025-11-04T14:09:07+00:00","twitter_card":"summary_large_image","twitter_misc":{"Dur\u00e9e de lecture estim\u00e9e":"1 minute"},"schema":{"@context":"https:\/\/schema.org","@graph":[{"@type":"WebPage","@id":"https:\/\/www.imagine-conception.com\/?page_id=67469","url":"https:\/\/www.imagine-conception.com\/?page_id=67469","name":"Contact - Imagine Conception","isPartOf":{"@id":"https:\/\/www.imagine-conception.com\/#website"},"datePublished":"2024-01-19T13:14:05+00:00","dateModified":"2025-11-04T14:09:07+00:00","breadcrumb":{"@id":"https:\/\/www.imagine-conception.com\/?page_id=67469#breadcrumb"},"inLanguage":"fr-FR","potentialAction":[{"@type":"ReadAction","target":["https:\/\/www.imagine-conception.com\/?page_id=67469"]}]},{"@type":"BreadcrumbList","@id":"https:\/\/www.imagine-conception.com\/?page_id=67469#breadcrumb","itemListElement":[{"@type":"ListItem","position":1,"name":"Accueil","item":"https:\/\/www.imagine-conception.com\/"},{"@type":"ListItem","position":2,"name":"Contact"}]},{"@type":"WebSite","@id":"https:\/\/www.imagine-conception.com\/#website","url":"https:\/\/www.imagine-conception.com\/","name":"Imagine Conception","description":"Architecte d&#039;int\u00e9rieur \u00e0 Toulouse","publisher":{"@id":"https:\/\/www.imagine-conception.com\/#organization"},"potentialAction":[{"@type":"SearchAction","target":{"@type":"EntryPoint","urlTemplate":"https:\/\/www.imagine-conception.com\/?s={search_term_string}"},"query-input":{"@type":"PropertyValueSpecification","valueRequired":true,"valueName":"search_term_string"}}],"inLanguage":"fr-FR"},{"@type":"Organization","@id":"https:\/\/www.imagine-conception.com\/#organization","name":"Imagine Conception","url":"https:\/\/www.imagine-conception.com\/","logo":{"@type":"ImageObject","inLanguage":"fr-FR","@id":"https:\/\/www.imagine-conception.com\/#\/schema\/logo\/image\/","url":"https:\/\/www.imagine-conception.com\/wp-content\/uploads\/2018\/03\/imagine-conception-logo-noir.svg","contentUrl":"https:\/\/www.imagine-conception.com\/wp-content\/uploads\/2018\/03\/imagine-conception-logo-noir.svg","width":1627485,"height":247029,"caption":"Imagine Conception"},"image":{"@id":"https:\/\/www.imagine-conception.com\/#\/schema\/logo\/image\/"},"sameAs":["https:\/\/www.facebook.com\/ImagineConception\/","https:\/\/www.instagram.com\/imagine_conception\/","https:\/\/fr.linkedin.com\/company\/imagine-conception"]}]}},"_links":{"self":[{"href":"https:\/\/www.imagine-conception.com\/index.php?rest_route=\/wp\/v2\/pages\/67469","targetHints":{"allow":["GET"]}}],"collection":[{"href":"https:\/\/www.imagine-conception.com\/index.php?rest_route=\/wp\/v2\/pages"}],"about":[{"href":"https:\/\/www.imagine-conception.com\/index.php?rest_route=\/wp\/v2\/types\/page"}],"author":[{"embeddable":true,"href":"https:\/\/www.imagine-conception.com\/index.php?rest_route=\/wp\/v2\/users\/1"}],"replies":[{"embeddable":true,"href":"https:\/\/www.imagine-conception.com\/index.php?rest_route=%2Fwp%2Fv2%2Fcomments&post=67469"}],"version-history":[{"count":68,"href":"https:\/\/www.imagine-conception.com\/index.php?rest_route=\/wp\/v2\/pages\/67469\/revisions"}],"predecessor-version":[{"id":68206,"href":"https:\/\/www.imagine-conception.com\/index.php?rest_route=\/wp\/v2\/pages\/67469\/revisions\/68206"}],"wp:attachment":[{"href":"https:\/\/www.imagine-conception.com\/index.php?rest_route=%2Fwp%2Fv2%2Fmedia&parent=67469"}],"curies":[{"name":"wp","href":"https:\/\/api.w.org\/{rel}","templated":true}]}}